{"id":57,"date":"2024-01-03T17:16:28","date_gmt":"2024-01-03T16:16:28","guid":{"rendered":"https:\/\/virtualoffice-germany.de\/?page_id=57"},"modified":"2026-03-17T13:53:47","modified_gmt":"2026-03-17T12:53:47","slug":"preise","status":"publish","type":"page","link":"https:\/\/virtualoffice-germany.de\/en\/preise\/","title":{"rendered":"Prices"},"content":{"rendered":"<div class=\"wp-block-group alignwide has-global-padding is-layout-constrained wp-block-group-is-layout-constrained\">\n<div class=\"wp-block-group alignwide has-global-padding is-layout-constrained wp-block-group-is-layout-constrained\">\n<div class=\"wp-block-group alignwide has-global-padding is-layout-constrained wp-block-group-is-layout-constrained\">\n<div class=\"wp-block-group alignwide is-nowrap is-layout-flex wp-container-core-group-is-layout-6c531013 wp-block-group-is-layout-flex\">\n<h2 class=\"wp-block-heading has-text-align-center\"><strong>Our Virtual Office Germany price packages<\/strong><\/h2>\n<\/div>\n\n\n\n<div class=\"wp-block-group alignwide is-style-default is-nowrap is-layout-flex wp-container-core-group-is-layout-6c531013 wp-block-group-is-layout-flex\" style=\"border-style:none;border-width:0px\">\n<p class=\"has-text-align-center has-medium-font-size\">Discover our clear and transparent prices! Our standard solution offers a German business address in D\u00fcsseldorf for only 50 euros per month. This address gives your company a professional and secure image. On Google Maps you can be found in the heart of D\u00fcsseldorf. With the D\u00fcsseldorf area code, you'll impress even the most sceptical business partners. Take a look at our unbeatable prices and rely on trust and professionalism.<\/p>\n<\/div>\n<\/div>\n<\/div>\n\n\n\n<div class=\"wp-block-group alignfull has-global-padding is-layout-constrained wp-block-group-is-layout-constrained\">\n<div class=\"wp-block-columns alignwide is-layout-flex wp-container-core-columns-is-layout-28f84493 wp-block-columns-is-layout-flex\">\n<div class=\"wp-block-column is-style-section-1 has-global-padding is-layout-constrained wp-block-column-is-layout-constrained is-style-section-1--1\" style=\"border-width:1px\">\n<h2 class=\"wp-block-heading has-accent-1-background-color has-background\"><strong>Virtual Office Standard<\/strong><\/h2>\n\n\n\n<p><strong>42 euros per month<\/strong> (incl. tax)<\/p>\n\n\n\n<ul class=\"wp-block-list\">\n<li>Business address<\/li>\n\n\n\n<li>Letter reception<\/li>\n\n\n\n<li>P.O. Box<\/li>\n\n\n\n<li>Possibility of marketing the address (e.g. Google Maps)<\/li>\n<\/ul>\n\n\n\n<div style=\"height:30px\" aria-hidden=\"true\" class=\"wp-block-spacer\"><\/div>\n\n\n\n<div class=\"wp-block-buttons is-content-justification-center is-layout-flex wp-container-core-buttons-is-layout-b5994976 wp-block-buttons-is-layout-flex\">\n<div class=\"wp-block-button\"><a class=\"wp-block-button__link wp-element-button\" href=\"?Paket=Virtual%20Office%20Standard%20-%2050%20Euro#kontaktformular\">Book now<\/a><\/div>\n<\/div>\n<\/div>\n\n\n\n<div class=\"wp-block-column is-style-section-1 has-global-padding is-layout-constrained wp-block-column-is-layout-constrained is-style-section-1--2\" style=\"border-width:1px\">\n<h2 class=\"wp-block-heading has-accent-1-background-color has-background\"><strong>Virtual Office Plus<\/strong><\/h2>\n\n\n\n<p><strong>84,- euros per month<\/strong> (incl. tax)<\/p>\n\n\n\n<p>Everything from the standard package<\/p>\n\n\n\n<ul class=\"wp-block-list\">\n<li>Telephone number provision<\/li>\n\n\n\n<li>Call\/fax acceptance up to 10min<\/li>\n\n\n\n<li>Scan + Fax + Copy (5x)<\/li>\n\n\n\n<li>Postal dispatch 2x<\/li>\n<\/ul>\n\n\n\n<div style=\"height:20px\" aria-hidden=\"true\" class=\"wp-block-spacer\"><\/div>\n\n\n\n<div class=\"wp-block-buttons is-content-justification-center is-layout-flex wp-container-core-buttons-is-layout-a89b3969 wp-block-buttons-is-layout-flex\">\n<div class=\"wp-block-button\"><a class=\"wp-block-button__link wp-element-button\" href=\"?Paket=Virtual%20Office%20Plus%20-%20100%20Euro#kontaktformular\">Book now<\/a><\/div>\n<\/div>\n<\/div>\n\n\n\n<div class=\"wp-block-column is-style-section-1 is-layout-flow wp-block-column-is-layout-flow is-style-section-1--3\" style=\"border-width:1px\">\n<h2 class=\"wp-block-heading has-accent-1-background-color has-background\"><strong>Virtual Office Platinum<\/strong><\/h2>\n\n\n\n<p><strong>210,- Euro per month<\/strong> (incl. tax)<\/p>\n\n\n\n<p>Everything from the standard package<\/p>\n\n\n\n<ul class=\"wp-block-list\">\n<li>Telephone number provision<\/li>\n\n\n\n<li>Call\/fax acceptance up to 60min<\/li>\n\n\n\n<li>Scan + Fax + Copy (20x)<\/li>\n\n\n\n<li>Postal dispatch 5x (every week)<\/li>\n\n\n\n<li>1m\u00b3 storage space for post\/parcels<\/li>\n<\/ul>\n\n\n\n<div class=\"wp-block-buttons is-content-justification-center is-layout-flex wp-container-core-buttons-is-layout-a89b3969 wp-block-buttons-is-layout-flex\">\n<div class=\"wp-block-button\"><a class=\"wp-block-button__link wp-element-button\" href=\"\/en\/preise\/?Paket=Virtual%20Office%20Platin%20-%20250%20Euro#kontaktformular\">Book now<\/a><\/div>\n<\/div>\n<\/div>\n<\/div>\n\n\n\n<div class=\"wp-block-group alignwide is-style-section-1 is-nowrap is-layout-flex wp-container-core-group-is-layout-6c531013 wp-block-group-is-layout-flex is-style-section-1--4\">\n<div class=\"wp-block-buttons alignwide is-layout-flex wp-block-buttons-is-layout-flex\">\n<div class=\"wp-block-button\"><a class=\"wp-block-button__link has-accent-3-background-color has-background wp-element-button\">\u260e +49(0)211-47465499<\/a><\/div>\n\n\n\n<div class=\"wp-block-button\"><a class=\"wp-block-button__link has-contrast-color has-base-background-color has-text-color has-background has-link-color has-border-color has-contrast-border-color wp-element-button\" href=\"\/en\/kontakt\/\" style=\"border-width:1px\">Contact us<\/a><\/div>\n<\/div>\n<\/div>\n<\/div>\n\n\n\n<div class=\"wp-block-group alignfull is-nowrap is-layout-flex wp-container-core-group-is-layout-6c531013 wp-block-group-is-layout-flex\">\n<div class=\"wp-block-group alignwide has-global-padding is-layout-constrained wp-block-group-is-layout-constrained\">\n<div class=\"wp-block-columns alignwide is-layout-flex wp-container-core-columns-is-layout-28f84493 wp-block-columns-is-layout-flex\">\n<div class=\"wp-block-column is-style-section-3 is-layout-flow wp-block-column-is-layout-flow is-style-section-3--5\" style=\"padding-right:var(--wp--preset--spacing--20);padding-left:var(--wp--preset--spacing--20)\">\n<h4 class=\"wp-block-heading has-text-align-center has-x-large-font-size\">Virtual office - Standard (50,- \u20ac)<\/h4>\n\n\n\n<figure class=\"wp-block-image alignwide size-large\"><img loading=\"lazy\" decoding=\"async\" width=\"1024\" height=\"579\" src=\"https:\/\/virtualoffice-germany.de\/wp-content\/uploads\/2024\/01\/virtualoffice-germany-preise-1024x579.png\" alt=\"\" class=\"wp-image-203\" srcset=\"https:\/\/virtualoffice-germany.de\/wp-content\/uploads\/2024\/01\/virtualoffice-germany-preise-1024x579.png 1024w, https:\/\/virtualoffice-germany.de\/wp-content\/uploads\/2024\/01\/virtualoffice-germany-preise-300x170.png 300w, https:\/\/virtualoffice-germany.de\/wp-content\/uploads\/2024\/01\/virtualoffice-germany-preise-768x434.png 768w, https:\/\/virtualoffice-germany.de\/wp-content\/uploads\/2024\/01\/virtualoffice-germany-preise-18x10.png 18w, https:\/\/virtualoffice-germany.de\/wp-content\/uploads\/2024\/01\/virtualoffice-germany-preise.png 1280w\" sizes=\"auto, (max-width: 1024px) 100vw, 1024px\" \/><\/figure>\n\n\n\n<ul class=\"wp-block-list\">\n<li>Business address<\/li>\n\n\n\n<li>Use of the address as the official address<\/li>\n\n\n\n<li>Mail storage with self-collection<\/li>\n\n\n\n<li>Mailbox label<\/li>\n\n\n\n<li>Use of the address on Google Maps<\/li>\n<\/ul>\n\n\n\n<p>Our standard virtual German office is the ideal choice for companies based abroad, whether in the Czech Republic, Poland, Russia, or China. Thanks to the German address on your letterhead, contacting German customers or suppliers becomes effortless and effective.<\/p>\n\n\n\n<div style=\"height:50px\" aria-hidden=\"true\" class=\"wp-block-spacer\"><\/div>\n\n\n\n<h2 class=\"wp-block-heading alignwide has-text-align-center\">Further services and prices at a glance<\/h2>\n\n\n\n<div class=\"wp-block-group alignwide is-vertical is-layout-flex wp-container-core-group-is-layout-fe9cc265 wp-block-group-is-layout-flex\">\n<h5 class=\"wp-block-heading alignwide\">Mail and package management<\/h5>\n\n\n\n<p>The post can be forwarded to another address. There is a flat rate of \u20ac10 + shipping costs per dispatch. The frequency can be chosen freely.<\/p>\n\n\n\n<h5 class=\"wp-block-heading\">Virtual fax and telephone switchboard<\/h5>\n\n\n\n<p>The basic fee for the German phone number is \u20ac15 per month. Calls are forwarded via Voice-over-IP to the appropriate devices in Germany. Corresponding per-minute charges apply for international calls. (We are happy to assist you with cost savings through VOIP providers.)<\/p>\n\n\n\n<p>The personal call and fax reception is billed according to actual usage. Accurate to the second: \u20ac0.025<\/p>\n\n\n\n<h5 class=\"wp-block-heading\">Office services<\/h5>\n\n\n\n<p>Printing, copying, scanning, and faxing are billed according to time usage and material consumption.<br>Per sheet copy or print: \u20ac0.15<br>Scanning and faxing, including sending to a recipient, flat rate\/A4: \u20ac1.50<\/p>\n\n\n\n<h5 class=\"wp-block-heading\">Voicemail and email management<\/h5>\n\n\n\n<p>The prices for the daily checking and forwarding of voicemails and emails could range from \u20ac20 to \u20ac50 per month.<\/p>\n\n\n\n<h5 class=\"wp-block-heading\">Support with business registration and marketing<\/h5>\n\n\n\n<p>Assistance with company registration and management of legal documents depends on the time required. This includes, for example, business registration, opening a bank and\/or PayPal account, commercial register entry, tax office, Google Maps, SEO, and much more.<\/p>\n\n\n\n<p>Typically, this is \u20ac50 \u2013 \u20ac100 per month.<\/p>\n<\/div>\n<\/div>\n\n\n\n<div class=\"wp-block-column is-vertically-aligned-center is-layout-flow wp-block-column-is-layout-flow\">\n<a id=\"kontaktformular\"><\/a>\n\n\n\n<div class=\"wp-block-contact-form-7-contact-form-selector\">\n<div class=\"wpcf7 no-js\" id=\"wpcf7-f404-o1\" lang=\"de-DE\" dir=\"ltr\" data-wpcf7-id=\"404\">\n<div class=\"screen-reader-response\"><p role=\"status\" aria-live=\"polite\" aria-atomic=\"true\"><\/p> <ul><\/ul><\/div>\n<form action=\"\/en\/wp-json\/wp\/v2\/pages\/57#wpcf7-f404-o1\" method=\"post\" class=\"wpcf7-form init\" aria-label=\"Contact form\" novalidate=\"novalidate\" data-status=\"init\" data-trp-original-action=\"\/en\/wp-json\/wp\/v2\/pages\/57#wpcf7-f404-o1\">\n<fieldset class=\"hidden-fields-container\"><input type=\"hidden\" name=\"_wpcf7\" value=\"404\" \/><input type=\"hidden\" name=\"_wpcf7_version\" value=\"6.1.5\" \/><input type=\"hidden\" name=\"_wpcf7_locale\" value=\"de_DE\" \/><input type=\"hidden\" name=\"_wpcf7_unit_tag\" value=\"wpcf7-f404-o1\" \/><input type=\"hidden\" name=\"_wpcf7_container_post\" value=\"0\" \/><input type=\"hidden\" name=\"_wpcf7_posted_data_hash\" value=\"\" \/>\n<\/fieldset>\n<div style=\"display:flex; flex-direction:column; gap:12px;\">\n\t<p><a id=\"kontaktformular\"><\/a>\n\t<\/p>\n\n <!-- Kopfzeile wie Tabellen-Header (optional) -->\n\t<div style=\"display:flex; flex-wrap:wrap; gap:10px; align-items:flex-start; border:1px solid #ddd; padding:10px; font-weight:700;\">\n\t\t<div style=\"flex:0 0 220px; word-break:normal; overflow-wrap:normal; white-space:normal;\">\n\t\t\t<p>Requirement\n\t\t\t<\/p>\n\t\t<\/div>\n\t\t<div style=\"flex:1 1 260px; min-width:260px;\">\n\t\t\t<p>Your data\n\t\t\t<\/p>\n\t\t<\/div>\n\t<\/div>\n\n <!-- Paketauswahl -->\n\t<div style=\"display:flex; flex-wrap:wrap; gap:10px; align-items:flex-start; border:1px solid #ddd; padding:10px;\">\n\t\t<div style=\"flex:0 0 220px; font-weight:600; line-height:1.3; word-break:normal; overflow-wrap:normal; white-space:normal;\">\n\t\t\t<p>Package selection\n\t\t\t<\/p>\n\t\t<\/div>\n\t\t<div style=\"flex:1 1 260px; min-width:260px;\">\n\t\t\t<p><span class=\"wpcf7-form-control-wrap\" data-name=\"Paket\"><select class=\"wpcf7-form-control wpcf7-select wpcf7-validates-as-required\" aria-required=\"true\" aria-invalid=\"false\" name=\"Paket\"><option value=\"Virtual Office Standard - 50 Euro\">Virtual Office Standard - 50 Euro<\/option><option value=\"Virtual Office Plus - 100 Euro\">Virtual Office Plus - 100 Euro<\/option><option value=\"Virtual Office Platin - 250 Euro\">Virtual Office Platinum - 250 Euro<\/option><\/select><\/span>\n\t\t\t<\/p>\n\t\t<\/div>\n\t<\/div>\n\n <!-- Name Mutterunternehmen -->\n\t<div style=\"display:flex; flex-wrap:wrap; gap:10px; align-items:flex-start; border:1px solid #ddd; padding:10px;\">\n\t\t<div style=\"flex:0 0 220px; font-weight:600; line-height:1.3; word-break:normal; overflow-wrap:normal; white-space:normal;\">\n\t\t\t<p>Name of the parent company \/ applicant\n\t\t\t<\/p>\n\t\t<\/div>\n\t\t<div style=\"flex:1 1 260px; min-width:260px;\">\n\t\t\t<p><span class=\"wpcf7-form-control-wrap\" data-name=\"Name-Unternehmen\"><input size=\"40\" maxlength=\"400\" class=\"wpcf7-form-control wpcf7-text wpcf7-validates-as-required\" aria-required=\"true\" aria-invalid=\"false\" value=\"\" type=\"text\" name=\"Name-Unternehmen\" \/><\/span>\n\t\t\t<\/p>\n\t\t<\/div>\n\t<\/div>\n\n <!-- Gesch\u00e4ftsf\u00fchrer -->\n\t<div style=\"display:flex; flex-wrap:wrap; gap:10px; align-items:flex-start; border:1px solid #ddd; padding:10px;\">\n\t\t<div style=\"flex:0 0 220px; font-weight:600; line-height:1.3; word-break:normal; overflow-wrap:normal; white-space:normal;\">\n\t\t\t<p>Managing Director\n\t\t\t<\/p>\n\t\t<\/div>\n\t\t<div style=\"flex:1 1 260px; min-width:260px;\">\n\t\t\t<p><span class=\"wpcf7-form-control-wrap\" data-name=\"Name-Geschaeftsfuehrer\"><input size=\"40\" maxlength=\"400\" class=\"wpcf7-form-control wpcf7-text wpcf7-validates-as-required\" aria-required=\"true\" aria-invalid=\"false\" value=\"\" type=\"text\" name=\"Name-Geschaeftsfuehrer\" \/><\/span>\n\t\t\t<\/p>\n\t\t<\/div>\n\t<\/div>\n\n <!-- Stra\u00dfe -->\n\t<div style=\"display:flex; flex-wrap:wrap; gap:10px; align-items:flex-start; border:1px solid #ddd; padding:10px;\">\n\t\t<div style=\"flex:0 0 220px; font-weight:600; line-height:1.3; word-break:normal; overflow-wrap:normal; white-space:normal;\">\n\t\t\t<p>Street and no.\n\t\t\t<\/p>\n\t\t<\/div>\n\t\t<div style=\"flex:1 1 260px; min-width:260px;\">\n\t\t\t<p><span class=\"wpcf7-form-control-wrap\" data-name=\"Strasse\"><input size=\"40\" maxlength=\"400\" class=\"wpcf7-form-control wpcf7-text wpcf7-validates-as-required\" aria-required=\"true\" aria-invalid=\"false\" value=\"\" type=\"text\" name=\"Strasse\" \/><\/span>\n\t\t\t<\/p>\n\t\t<\/div>\n\t<\/div>\n\n <!-- Land \/ PLZ \/ Stadt -->\n\t<div style=\"display:flex; flex-wrap:wrap; gap:10px; align-items:flex-start; border:1px solid #ddd; padding:10px;\">\n\t\t<div style=\"flex:0 0 220px; font-weight:600; line-height:1.3; word-break:normal; overflow-wrap:normal; white-space:normal;\">\n\t\t\t<p>Country \/ Postcode \/ City\n\t\t\t<\/p>\n\t\t\t<p><span style=\"font-weight:400;\">Postcode in line 2, city in line 3<\/span>\n\t\t\t<\/p>\n\t\t<\/div>\n\t\t<div style=\"flex:1 1 260px; min-width:260px; display:flex; flex-direction:column; gap:8px;\">\n\t\t\t<div style=\"display:flex; gap:8px; flex-wrap:wrap; align-items:flex-start;\">\n\t\t\t\t<p><span style=\"flex:0 0 90px; min-width:90px;\"><span class=\"wpcf7-form-control-wrap\" data-name=\"Land\"><select class=\"wpcf7-form-control wpcf7-select\" aria-invalid=\"false\" name=\"Land\"><option value=\"DE\">EN<\/option><option value=\"AT\">AT<\/option><option value=\"CH\">CH<\/option><option value=\"CZ\">CZ<\/option><option value=\"PL\">PL<\/option><option value=\"NL\">NL<\/option><option value=\"HU\">HU<\/option><option value=\"sonstiges\">other<\/option><\/select><\/span><\/span><br \/>\n<span style=\"flex:1 1 160px; min-width:160px;\"><span class=\"wpcf7-form-control-wrap\" data-name=\"PLZ\"><input size=\"40\" maxlength=\"400\" class=\"wpcf7-form-control wpcf7-text wpcf7-validates-as-required\" aria-required=\"true\" aria-invalid=\"false\" value=\"\" type=\"text\" name=\"PLZ\" \/><\/span><\/span>\n\t\t\t\t<\/p>\n\t\t\t<\/div>\n\t\t\t<div>\n\t\t\t\t<p><span class=\"wpcf7-form-control-wrap\" data-name=\"Stadt\"><input size=\"40\" maxlength=\"400\" class=\"wpcf7-form-control wpcf7-text wpcf7-validates-as-required\" aria-required=\"true\" aria-invalid=\"false\" value=\"\" type=\"text\" name=\"Stadt\" \/><\/span>\n\t\t\t\t<\/p>\n\t\t\t<\/div>\n\t\t<\/div>\n\t<\/div>\n\n <!-- Handelsregister -->\n\t<div style=\"display:flex; flex-wrap:wrap; gap:10px; align-items:flex-start; border:1px solid #ddd; padding:10px;\">\n\t\t<div style=\"flex:0 0 220px; font-weight:600; line-height:1.3; word-break:normal; overflow-wrap:normal; white-space:normal;\">\n\t\t\t<p>Commercial register no.\n\t\t\t<\/p>\n\t\t<\/div>\n\t\t<div style=\"flex:1 1 260px; min-width:260px;\">\n\t\t\t<p><span class=\"wpcf7-form-control-wrap\" data-name=\"Handelsregisternummer\"><input size=\"40\" maxlength=\"400\" class=\"wpcf7-form-control wpcf7-text\" aria-invalid=\"false\" value=\"\" type=\"text\" name=\"Handelsregisternummer\" \/><\/span>\n\t\t\t<\/p>\n\t\t<\/div>\n\t<\/div>\n\n <!-- VAT -->\n\t<div style=\"display:flex; flex-wrap:wrap; gap:10px; align-items:flex-start; border:1px solid #ddd; padding:10px;\">\n\t\t<div style=\"flex:0 0 220px; font-weight:600; line-height:1.3; word-break:normal; overflow-wrap:normal; white-space:normal;\">\n\t\t\t<p>VAT for EU\n\t\t\t<\/p>\n\t\t<\/div>\n\t\t<div style=\"flex:1 1 260px; min-width:260px;\">\n\t\t\t<p><span class=\"wpcf7-form-control-wrap\" data-name=\"EU-VAT\"><input size=\"40\" maxlength=\"400\" class=\"wpcf7-form-control wpcf7-text\" aria-invalid=\"false\" value=\"\" type=\"text\" name=\"EU-VAT\" \/><\/span>\n\t\t\t<\/p>\n\t\t<\/div>\n\t<\/div>\n\n <!-- Steuernummer -->\n\t<div style=\"display:flex; flex-wrap:wrap; gap:10px; align-items:flex-start; border:1px solid #ddd; padding:10px;\">\n\t\t<div style=\"flex:0 0 220px; font-weight:600; line-height:1.3; word-break:normal; overflow-wrap:normal; white-space:normal;\">\n\t\t\t<p>Tax number\n\t\t\t<\/p>\n\t\t<\/div>\n\t\t<div style=\"flex:1 1 260px; min-width:260px;\">\n\t\t\t<p><span class=\"wpcf7-form-control-wrap\" data-name=\"Steuernummer\"><input size=\"40\" maxlength=\"400\" class=\"wpcf7-form-control wpcf7-text wpcf7-validates-as-required\" aria-required=\"true\" aria-invalid=\"false\" value=\"\" type=\"text\" name=\"Steuernummer\" \/><\/span>\n\t\t\t<\/p>\n\t\t<\/div>\n\t<\/div>\n\n <!-- Homepage -->\n\t<div style=\"display:flex; flex-wrap:wrap; gap:10px; align-items:flex-start; border:1px solid #ddd; padding:10px;\">\n\t\t<div style=\"flex:0 0 220px; font-weight:600; line-height:1.3; word-break:normal; overflow referencing word-break:normal; overflow-wrap:normal; white-space:normal;\">\n\t\t\t<p>Homepage www.\n\t\t\t<\/p>\n\t\t<\/div>\n\t\t<div style=\"flex:1 1 260px; min-width:260px;\">\n\t\t\t<p><span class=\"wpcf7-form-control-wrap\" data-name=\"Homepage\"><input size=\"40\" maxlength=\"400\" class=\"wpcf7-form-control wpcf7-text wpcf7-validates-as-required\" aria-required=\"true\" aria-invalid=\"false\" value=\"\" type=\"text\" name=\"Homepage\" \/><\/span>\n\t\t\t<\/p>\n\t\t<\/div>\n\t<\/div>\n\n <!-- Firmierung (Briefkasten) -->\n\t<div style=\"display:flex; flex-wrap:wrap; gap:10px; align-items:flex-start; border:1px solid #ddd; padding:10px;\">\n\t\t<div style=\"flex:0 0 220px; font-weight:600; line-height:1.3; word-break:normal; overflow-wrap:normal; white-space:normal;\">\n\t\t\t<p>Company name (letterbox)\n\t\t\t<\/p>\n\t\t<\/div>\n\t\t<div style=\"flex:1 1 260px; min-width:260px;\">\n\t\t\t<p><span class=\"wpcf7-form-control-wrap\" data-name=\"Name-Briefkasten\"><input size=\"40\" maxlength=\"400\" class=\"wpcf7-form-control wpcf7-text wpcf7-validates-as-required\" aria-required=\"true\" aria-invalid=\"false\" value=\"\" type=\"text\" name=\"Name-Briefkasten\" \/><\/span>\n\t\t\t<\/p>\n\t\t<\/div>\n\t<\/div>\n\n <!-- Ansprechpartner -->\n\t<div style=\"display:flex; flex-wrap:wrap; gap:10px; align-items:flex-start; border:1px solid #ddd; padding:10px;\">\n\t\t<div style=\"flex:0 0 220px; font-weight:600; line-height:1.3; word-break:normal; overflow-wrap:normal; white-space:normal;\">\n\t\t\t<p>First name Last name of contact person\n\t\t\t<\/p>\n\t\t<\/div>\n\t\t<div style=\"flex:1 1 260px; min-width:260px;\">\n\t\t\t<p><span class=\"wpcf7-form-control-wrap\" data-name=\"Name-Ansprechpartner\"><input size=\"40\" maxlength=\"400\" class=\"wpcf7-form-control wpcf7-text wpcf7-validates-as-required\" aria-required=\"true\" aria-invalid=\"false\" value=\"\" type=\"text\" name=\"Name-Ansprechpartner\" \/><\/span>\n\t\t\t<\/p>\n\t\t<\/div>\n\t<\/div>\n\n <!-- Email -->\n\t<div style=\"display:flex; flex-wrap:wrap; gap:10px; align-items:flex-start; border:1px solid #ddd; padding:10px;\">\n\t\t<div style=\"flex:0 0 220px; font-weight:600; line-height:1.3; word-break:normal; overflow-wrap:normal; white-space:normal;\">\n\t\t\t<p>e-mail\n\t\t\t<\/p>\n\t\t<\/div>\n\t\t<div style=\"flex:1 1 260px; min-width:260px;\">\n\t\t\t<p><span class=\"wpcf7-form-control-wrap\" data-name=\"Email\"><input size=\"40\" maxlength=\"400\" class=\"wpcf7-form-control wpcf7-email wpcf7-validates-as-required wpcf7-text wpcf7-validates-as-email\" aria-required=\"true\" aria-invalid=\"false\" value=\"\" type=\"email\" name=\"Email\" \/><\/span>\n\t\t\t<\/p>\n\t\t<\/div>\n\t<\/div>\n\n <!-- Telefon -->\n\t<div style=\"display:flex; flex-wrap:wrap; gap:10px; align-items:flex-start; border:1px solid #ddd; padding:10px;\">\n\t\t<div style=\"flex:0 0 220px; font-weight:600; line-height:1.3; word-break:normal; overflow-wrap:normal; white-space:normal;\">\n\t\t\t<p>phone\n\t\t\t<\/p>\n\t\t\t<p><span style=\"font-weight:400;\">(please enter your mobile number for contact via Whatsapp)<\/span>\n\t\t\t<\/p>\n\t\t<\/div>\n\t\t<div style=\"flex:1 1 260px; min-width:260px;\">\n\t\t\t<p><span class=\"wpcf7-form-control-wrap\" data-name=\"Telefon\"><input size=\"40\" maxlength=\"400\" class=\"wpcf7-form-control wpcf7-tel wpcf7-validates-as-required wpcf7-text wpcf7-validates-as-tel\" aria-required=\"true\" aria-invalid=\"false\" value=\"\" type=\"tel\" name=\"Telefon\" \/><\/span>\n\t\t\t<\/p>\n\t\t<\/div>\n\t<\/div>\n\n <!-- Email f\u00fcr Weiterleitung -->\n\t<div style=\"display:flex; flex-wrap:wrap; gap:10px; align-items:flex-start; border:1px solid #ddd; padding:10px;\">\n\t\t<div style=\"flex:0 0 220px; font-weight:600; line-height:1.3; word-break:normal; overflow-wrap:normal; white-space:normal;\">\n\t\t\t<p>Email for forwarding the telephone message\n\t\t\t<\/p>\n\t\t<\/div>\n\t\t<div style=\"flex:1 1 260px; min-width:260px;\">\n\t\t\t<p><span class=\"wpcf7-form-control-wrap\" data-name=\"Email-Telefonnachricht\"><input size=\"40\" maxlength=\"400\" class=\"wpcf7-form-control wpcf7-text wpcf7-validates-as-required\" aria-required=\"true\" aria-invalid=\"false\" value=\"\" type=\"text\" name=\"Email-Telefonnachricht\" \/><\/span>\n\t\t\t<\/p>\n\t\t<\/div>\n\t<\/div>\n\n <!-- Nachricht -->\n\t<div style=\"display:flex; flex-wrap:wrap; gap:10px; align-items:flex-start; border:1px solid #ddd; padding:10px;\">\n\t\t<div style=\"flex:0 0 220px; font-weight:600; line-height:1.3; word-break:normal; overflow-wrap:normal; white-space:normal;\">\n\t\t\t<p>Your Message\n\t\t\t<\/p>\n\t\t<\/div>\n\t\t<div style=\"flex:1 1 260px; min-width:260px;\">\n\t\t\t<p><span class=\"wpcf7-form-control-wrap\" data-name=\"Nachricht\"><textarea cols=\"40\" rows=\"10\" maxlength=\"2000\" class=\"wpcf7-form-control wpcf7-textarea wpcf7-validates-as-required\" aria-required=\"true\" aria-invalid=\"false\" name=\"Nachricht\"><\/textarea><\/span>\n\t\t\t<\/p>\n\t\t<\/div>\n\t<\/div>\n\n <!-- Submit -->\n\t<div style=\"display:flex; flex-wrap:wrap; gap:10px; align-items:flex-start; border:1px solid #ddd; padding:10px;\">\n\t\t<div style=\"flex:0 0 220px;\">\n\t\t<\/div>\n\t\t<div style=\"flex:1 1 260px; min-width:260px;\">\n\t\t\t<p><input class=\"wpcf7-form-control wpcf7-submit has-spinner\" type=\"submit\" value=\"Submit\" \/>\n\t\t\t<\/p>\n\t\t<\/div>\n\t<\/div>\n\t<div style=\"font-size:12px; line-height:1.4; color:#666;\">\n\t\t<p>This form uses Akismet to reduce spam.<br \/>\n<a target=\"_blank\" rel=\"nofollow noopener\" href=\"https:\/\/akismet.com\/privacy\/\">Find out how your data is processed.<\/a>\n\t\t<\/p>\n\t<\/div>\n<\/div><p style=\"display: none !important;\" class=\"akismet-fields-container\" data-prefix=\"_wpcf7_ak_\"><label>\u0394<textarea name=\"_wpcf7_ak_hp_textarea\" cols=\"45\" rows=\"8\" maxlength=\"100\"><\/textarea><\/label><input type=\"hidden\" id=\"ak_js_1\" name=\"_wpcf7_ak_js\" value=\"75\"\/><script>document.getElementById( \"ak_js_1\" ).setAttribute( \"value\", ( new Date() ).getTime() );<\/script><\/p><div class=\"wpcf7-response-output\" aria-hidden=\"true\"><\/div>\n<input type=\"hidden\" name=\"trp-form-language\" value=\"en\"\/><\/form>\n<\/div>\n<\/div>\n<\/div>\n<\/div>\n<\/div>\n<\/div>\n<\/div>\n\n\n\n<div class=\"wp-block-group is-nowrap is-layout-flex wp-container-core-group-is-layout-6c531013 wp-block-group-is-layout-flex\"><\/div>","protected":false},"excerpt":{"rendered":"<p>Unsere Virtual Office Germany Preis-Pakete Entdecken Sie unsere klaren und transparenten Preise! Unsere Standardl\u00f6sung bietet eine deutsche Gesch\u00e4ftsadresse in D\u00fcsseldorf f\u00fcr nur 50 Euro pro Monat. Diese Adresse verleiht Ihrem Unternehmen ein professionelles und sicheres Image. Auf Google Maps sind Sie im Herzen von D\u00fcsseldorf zu finden. Mit der D\u00fcsseldorfer Vorwahl beeindrucken Sie selbst die [&hellip;]<\/p>\n","protected":false},"author":1,"featured_media":0,"parent":0,"menu_order":0,"comment_status":"closed","ping_status":"closed","template":"","meta":{"footnotes":""},"class_list":["post-57","page","type-page","status-publish","hentry"],"_links":{"self":[{"href":"https:\/\/virtualoffice-germany.de\/en\/wp-json\/wp\/v2\/pages\/57","targetHints":{"allow":["GET"]}}],"collection":[{"href":"https:\/\/virtualoffice-germany.de\/en\/wp-json\/wp\/v2\/pages"}],"about":[{"href":"https:\/\/virtualoffice-germany.de\/en\/wp-json\/wp\/v2\/types\/page"}],"author":[{"embeddable":true,"href":"https:\/\/virtualoffice-germany.de\/en\/wp-json\/wp\/v2\/users\/1"}],"replies":[{"embeddable":true,"href":"https:\/\/virtualoffice-germany.de\/en\/wp-json\/wp\/v2\/comments?post=57"}],"version-history":[{"count":16,"href":"https:\/\/virtualoffice-germany.de\/en\/wp-json\/wp\/v2\/pages\/57\/revisions"}],"predecessor-version":[{"id":1379,"href":"https:\/\/virtualoffice-germany.de\/en\/wp-json\/wp\/v2\/pages\/57\/revisions\/1379"}],"wp:attachment":[{"href":"https:\/\/virtualoffice-germany.de\/en\/wp-json\/wp\/v2\/media?parent=57"}],"curies":[{"name":"wp","href":"https:\/\/api.w.org\/{rel}","templated":true}]}}