{"id":2,"date":"2024-01-02T21:36:24","date_gmt":"2024-01-02T20:36:24","guid":{"rendered":"https:\/\/virtualoffice-germany.de\/?page_id=2"},"modified":"2026-02-03T16:19:27","modified_gmt":"2026-02-03T15:19:27","slug":"impressum","status":"publish","type":"page","link":"https:\/\/virtualoffice-germany.de\/cs\/impressum\/","title":{"rendered":"Tir\u00e1\u017e"},"content":{"rendered":"<p>VirtualOffice-N\u011bmecko<\/p>\n\n\n\n<p>David Keng<br>Immermannstra\u00dfe 34 (back office)<br>40210 D\u00fcsseldorf<\/p>\n\n\n\n<p>Telefon: +49(0)211-47465499<br>e-mail: <a href=\"mailto:duesseldorf@virtualoffice-germany.de\">duesseldorf@virtualoffice-germany.de<\/a><br>Internet: https:\/\/virtualoffice-germany.de\/<\/p>\n\n\n\n<p><\/p>\n\n\n\n<p>Identifika\u010dn\u00ed \u010d\u00edslo pro da\u0148 z prodeje podle \u00a7 27a z\u00e1kona o dani z prodeje: DE224954230<\/p>\n\n\n\n<p>Platforma Komise EU pro online \u0159e\u0161en\u00ed spor\u016f: https:\/\/ec.europa.eu\/consumers\/odr.<\/p>\n\n\n\n<p>Nejsme povinni ani ochotni \u00fa\u010dastnit se \u0159\u00edzen\u00ed o \u0159e\u0161en\u00ed spor\u016f p\u0159ed spot\u0159ebitelskou rozhod\u010d\u00ed komis\u00ed.<\/p>\n\n\n\n<p>Kredity:<\/p>\n\n\n\n<p>Banner s Freepiks - <a href=\"https:\/\/de.freepik.com\/psd\/banner\" data-type=\"link\" data-id=\"https:\/\/de.freepik.com\/psd\/banner\" target=\"_blank\" rel=\"noreferrer noopener\">zde<\/a><\/p>","protected":false},"excerpt":{"rendered":"<p>VirtualOffice-Germany David KengImmermannstra\u00dfe 34 (Backoffice)40210 D\u00fcsseldorf Tel.: +49(0)211-47465499E-Mail: duesseldorf@virtualoffice-germany.deInternet: https:\/\/virtualoffice-germany.de\/ Umsatzsteuer-Identifikationsnummer gem\u00e4\u00df \u00a7 27 a Umsatzsteuergesetz: DE224954230 Plattform der EU-Kommission zur Online-Streitbeilegung: https:\/\/ec.europa.eu\/consumers\/odr Wir sind zur Teilnahme an einem Streitbeilegungsverfahren vor einer Verbraucherschlichtungsstelle weder verpflichtet noch bereit. Credits: Banner mit Freepiks \u2013 hier<\/p>","protected":false},"author":1,"featured_media":0,"parent":0,"menu_order":0,"comment_status":"closed","ping_status":"open","template":"","meta":{"footnotes":""},"class_list":["post-2","page","type-page","status-publish","hentry"],"_links":{"self":[{"href":"https:\/\/virtualoffice-germany.de\/cs\/wp-json\/wp\/v2\/pages\/2","targetHints":{"allow":["GET"]}}],"collection":[{"href":"https:\/\/virtualoffice-germany.de\/cs\/wp-json\/wp\/v2\/pages"}],"about":[{"href":"https:\/\/virtualoffice-germany.de\/cs\/wp-json\/wp\/v2\/types\/page"}],"author":[{"embeddable":true,"href":"https:\/\/virtualoffice-germany.de\/cs\/wp-json\/wp\/v2\/users\/1"}],"replies":[{"embeddable":true,"href":"https:\/\/virtualoffice-germany.de\/cs\/wp-json\/wp\/v2\/comments?post=2"}],"version-history":[{"count":3,"href":"https:\/\/virtualoffice-germany.de\/cs\/wp-json\/wp\/v2\/pages\/2\/revisions"}],"predecessor-version":[{"id":1369,"href":"https:\/\/virtualoffice-germany.de\/cs\/wp-json\/wp\/v2\/pages\/2\/revisions\/1369"}],"wp:attachment":[{"href":"https:\/\/virtualoffice-germany.de\/cs\/wp-json\/wp\/v2\/media?parent=2"}],"curies":[{"name":"wp","href":"https:\/\/api.w.org\/{rel}","templated":true}]}}