{"id":13,"date":"2024-01-02T23:37:48","date_gmt":"2024-01-02T22:37:48","guid":{"rendered":"https:\/\/virtualoffice-germany.de\/?page_id=13"},"modified":"2026-02-03T12:36:54","modified_gmt":"2026-02-03T11:36:54","slug":"kontakt","status":"publish","type":"page","link":"https:\/\/virtualoffice-germany.de\/cs\/kontakt\/","title":{"rendered":"Kontakt"},"content":{"rendered":"<div class=\"wp-block-group alignwide has-contrast-3-background-color has-background is-vertical is-content-justification-center is-layout-flex wp-container-core-group-is-layout-623b1cb9 wp-block-group-is-layout-flex\" style=\"min-height:100vh;margin-top:0;margin-bottom:0;padding-top:var(--wp--preset--spacing--60);padding-right:var(--wp--preset--spacing--50);padding-bottom:var(--wp--preset--spacing--60);padding-left:var(--wp--preset--spacing--50)\">\n<div class=\"wp-block-group has-global-padding is-layout-constrained wp-block-group-is-layout-constrained\">\n<figure class=\"wp-block-image aligncenter size-full is-resized\"><img decoding=\"async\" src=\"https:\/\/virtualoffice-germany.de\/wp-content\/themes\/twentytwentyfour\/assets\/images\/icon-message.webp\" alt=\"\" style=\"object-fit:cover;width:45px;height:49px\"\/><\/figure>\n\n\n\n<div style=\"height:0px\" aria-hidden=\"true\" class=\"wp-block-spacer\"><\/div>\n\n\n\n<div class=\"wp-block-contact-form-7-contact-form-selector\">\n<div class=\"wpcf7 no-js\" id=\"wpcf7-f404-o1\" lang=\"de-DE\" dir=\"ltr\" data-wpcf7-id=\"404\">\n<div class=\"screen-reader-response\"><p role=\"status\" aria-live=\"polite\" aria-atomic=\"true\"><\/p> <ul><\/ul><\/div>\n<form action=\"\/cs\/wp-json\/wp\/v2\/pages\/13#wpcf7-f404-o1\" method=\"post\" class=\"wpcf7-form init\" aria-label=\"Kontaktn\u00ed formul\u00e1\u0159\" novalidate=\"novalidate\" data-status=\"init\" data-trp-original-action=\"\/cs\/wp-json\/wp\/v2\/pages\/13#wpcf7-f404-o1\">\n<fieldset class=\"hidden-fields-container\"><input type=\"hidden\" name=\"_wpcf7\" value=\"404\" \/><input type=\"hidden\" name=\"_wpcf7_version\" value=\"6.1.5\" \/><input type=\"hidden\" name=\"_wpcf7_locale\" value=\"de_DE\" \/><input type=\"hidden\" name=\"_wpcf7_unit_tag\" value=\"wpcf7-f404-o1\" \/><input type=\"hidden\" name=\"_wpcf7_container_post\" value=\"0\" \/><input type=\"hidden\" name=\"_wpcf7_posted_data_hash\" value=\"\" \/>\n<\/fieldset>\n<div style=\"display:flex; flex-direction:column; gap:12px;\">\n\t<p><a id=\"kontaktformular\"><\/a>\n\t<\/p>\n\n <!-- Kopfzeile wie Tabellen-Header (optional) -->\n\t<div style=\"display:flex; flex-wrap:wrap; gap:10px; align-items:flex-start; border:1px solid #ddd; padding:10px; font-weight:700;\">\n\t\t<div style=\"flex:0 0 220px; word-break:normal; overflow-wrap:normal; white-space:normal;\">\n\t\t\t<p>Po\u017eadavek\n\t\t\t<\/p>\n\t\t<\/div>\n\t\t<div style=\"flex:1 1 260px; min-width:260px;\">\n\t\t\t<p>Va\u0161e \u00fadaje\n\t\t\t<\/p>\n\t\t<\/div>\n\t<\/div>\n\n <!-- Paketauswahl -->\n\t<div style=\"display:flex; flex-wrap:wrap; gap:10px; align-items:flex-start; border:1px solid #ddd; padding:10px;\">\n\t\t<div style=\"flex:0 0 220px; font-weight:600; line-height:1.3; word-break:normal; overflow-wrap:normal; white-space:normal;\">\n\t\t\t<p>V\u00fdb\u011br bal\u00ed\u010dku\n\t\t\t<\/p>\n\t\t<\/div>\n\t\t<div style=\"flex:1 1 260px; min-width:260px;\">\n\t\t\t<p><span class=\"wpcf7-form-control-wrap\" data-name=\"Paket\"><select class=\"wpcf7-form-control wpcf7-select wpcf7-validates-as-required\" aria-required=\"true\" aria-invalid=\"false\" name=\"Paket\"><option value=\"Virtual Office Standard - 50 Euro\">Virtu\u00e1ln\u00ed kancel\u00e1\u0159 Standard - 50 Euro<\/option><option value=\"Virtual Office Plus - 100 Euro\">Virtu\u00e1ln\u00ed kancel\u00e1\u0159 Plus - 100 Euro<\/option><option value=\"Virtual Office Platin - 250 Euro\">Virtu\u00e1ln\u00ed kancel\u00e1\u0159 Platinum - 250 Euro<\/option><\/select><\/span>\n\t\t\t<\/p>\n\t\t<\/div>\n\t<\/div>\n\n <!-- Name Mutterunternehmen -->\n\t<div style=\"display:flex; flex-wrap:wrap; gap:10px; align-items:flex-start; border:1px solid #ddd; padding:10px;\">\n\t\t<div style=\"flex:0 0 220px; font-weight:600; line-height:1.3; word-break:normal; overflow-wrap:normal; white-space:normal;\">\n\t\t\t<p>N\u00e1zev mate\u0159sk\u00e9 spole\u010dnosti \/ \u017eadatele\n\t\t\t<\/p>\n\t\t<\/div>\n\t\t<div style=\"flex:1 1 260px; min-width:260px;\">\n\t\t\t<p><span class=\"wpcf7-form-control-wrap\" data-name=\"Name-Unternehmen\"><input size=\"40\" maxlength=\"400\" class=\"wpcf7-form-control wpcf7-text wpcf7-validates-as-required\" aria-required=\"true\" aria-invalid=\"false\" value=\"\" type=\"text\" name=\"Name-Unternehmen\" \/><\/span>\n\t\t\t<\/p>\n\t\t<\/div>\n\t<\/div>\n\n <!-- Gesch\u00e4ftsf\u00fchrer -->\n\t<div style=\"display:flex; flex-wrap:wrap; gap:10px; align-items:flex-start; border:1px solid #ddd; padding:10px;\">\n\t\t<div style=\"flex:0 0 220px; font-weight:600; line-height:1.3; word-break:normal; overflow-wrap:normal; white-space:normal;\">\n\t\t\t<p>V\u00fdkonn\u00fd \u0159editel\n\t\t\t<\/p>\n\t\t<\/div>\n\t\t<div style=\"flex:1 1 260px; min-width:260px;\">\n\t\t\t<p><span class=\"wpcf7-form-control-wrap\" data-name=\"Name-Geschaeftsfuehrer\"><input size=\"40\" maxlength=\"400\" class=\"wpcf7-form-control wpcf7-text wpcf7-validates-as-required\" aria-required=\"true\" aria-invalid=\"false\" value=\"\" type=\"text\" name=\"Name-Geschaeftsfuehrer\" \/><\/span>\n\t\t\t<\/p>\n\t\t<\/div>\n\t<\/div>\n\n <!-- Stra\u00dfe -->\n\t<div style=\"display:flex; flex-wrap:wrap; gap:10px; align-items:flex-start; border:1px solid #ddd; padding:10px;\">\n\t\t<div style=\"flex:0 0 220px; font-weight:600; line-height:1.3; word-break:normal; overflow-wrap:normal; white-space:normal;\">\n\t\t\t<p>Ulice a ne.\n\t\t\t<\/p>\n\t\t<\/div>\n\t\t<div style=\"flex:1 1 260px; min-width:260px;\">\n\t\t\t<p><span class=\"wpcf7-form-control-wrap\" data-name=\"Strasse\"><input size=\"40\" maxlength=\"400\" class=\"wpcf7-form-control wpcf7-text wpcf7-validates-as-required\" aria-required=\"true\" aria-invalid=\"false\" value=\"\" type=\"text\" name=\"Strasse\" \/><\/span>\n\t\t\t<\/p>\n\t\t<\/div>\n\t<\/div>\n\n <!-- Land \/ PLZ \/ Stadt -->\n\t<div style=\"display:flex; flex-wrap:wrap; gap:10px; align-items:flex-start; border:1px solid #ddd; padding:10px;\">\n\t\t<div style=\"flex:0 0 220px; font-weight:600; line-height:1.3; word-break:normal; overflow-wrap:normal; white-space:normal;\">\n\t\t\t<p>Zem\u011b \/ Po\u0161tovn\u00ed sm\u011brovac\u00ed \u010d\u00edslo \/ M\u011bsto\n\t\t\t<\/p>\n\t\t\t<p><span style=\"font-weight:400;\">Po\u0161tovn\u00ed sm\u011brovac\u00ed \u010d\u00edslo v \u0159\u00e1dku 2, m\u011bsto v \u0159\u00e1dku 3<\/span>\n\t\t\t<\/p>\n\t\t<\/div>\n\t\t<div style=\"flex:1 1 260px; min-width:260px; display:flex; flex-direction:column; gap:8px;\">\n\t\t\t<div style=\"display:flex; gap:8px; flex-wrap:wrap; align-items:flex-start;\">\n\t\t\t\t<p><span style=\"flex:0 0 90px; min-width:90px;\"><span class=\"wpcf7-form-control-wrap\" data-name=\"Land\"><select class=\"wpcf7-form-control wpcf7-select\" aria-invalid=\"false\" name=\"Land\"><option value=\"DE\">CS<\/option><option value=\"AT\">AT<\/option><option value=\"CH\">CH<\/option><option value=\"CZ\">CZ<\/option><option value=\"PL\">PL<\/option><option value=\"NL\">NL<\/option><option value=\"HU\">HU<\/option><option value=\"sonstiges\">dal\u0161\u00ed<\/option><\/select><\/span><\/span><br \/>\n<span style=\"flex:1 1 160px; min-width:160px;\"><span class=\"wpcf7-form-control-wrap\" data-name=\"PLZ\"><input size=\"40\" maxlength=\"400\" class=\"wpcf7-form-control wpcf7-text wpcf7-validates-as-required\" aria-required=\"true\" aria-invalid=\"false\" value=\"\" type=\"text\" name=\"PLZ\" \/><\/span><\/span>\n\t\t\t\t<\/p>\n\t\t\t<\/div>\n\t\t\t<div>\n\t\t\t\t<p><span class=\"wpcf7-form-control-wrap\" data-name=\"Stadt\"><input size=\"40\" maxlength=\"400\" class=\"wpcf7-form-control wpcf7-text wpcf7-validates-as-required\" aria-required=\"true\" aria-invalid=\"false\" value=\"\" type=\"text\" name=\"Stadt\" \/><\/span>\n\t\t\t\t<\/p>\n\t\t\t<\/div>\n\t\t<\/div>\n\t<\/div>\n\n <!-- Handelsregister -->\n\t<div style=\"display:flex; flex-wrap:wrap; gap:10px; align-items:flex-start; border:1px solid #ddd; padding:10px;\">\n\t\t<div style=\"flex:0 0 220px; font-weight:600; line-height:1.3; word-break:normal; overflow-wrap:normal; white-space:normal;\">\n\t\t\t<p>Obchodn\u00ed rejst\u0159\u00edk \u010d.\n\t\t\t<\/p>\n\t\t<\/div>\n\t\t<div style=\"flex:1 1 260px; min-width:260px;\">\n\t\t\t<p><span class=\"wpcf7-form-control-wrap\" data-name=\"Handelsregisternummer\"><input size=\"40\" maxlength=\"400\" class=\"wpcf7-form-control wpcf7-text\" aria-invalid=\"false\" value=\"\" type=\"text\" name=\"Handelsregisternummer\" \/><\/span>\n\t\t\t<\/p>\n\t\t<\/div>\n\t<\/div>\n\n <!-- VAT -->\n\t<div style=\"display:flex; flex-wrap:wrap; gap:10px; align-items:flex-start; border:1px solid #ddd; padding:10px;\">\n\t\t<div style=\"flex:0 0 220px; font-weight:600; line-height:1.3; word-break:normal; overflow-wrap:normal; white-space:normal;\">\n\t\t\t<p>DPH pro EU\n\t\t\t<\/p>\n\t\t<\/div>\n\t\t<div style=\"flex:1 1 260px; min-width:260px;\">\n\t\t\t<p><span class=\"wpcf7-form-control-wrap\" data-name=\"EU-VAT\"><input size=\"40\" maxlength=\"400\" class=\"wpcf7-form-control wpcf7-text\" aria-invalid=\"false\" value=\"\" type=\"text\" name=\"EU-VAT\" \/><\/span>\n\t\t\t<\/p>\n\t\t<\/div>\n\t<\/div>\n\n <!-- Steuernummer -->\n\t<div style=\"display:flex; flex-wrap:wrap; gap:10px; align-items:flex-start; border:1px solid #ddd; padding:10px;\">\n\t\t<div style=\"flex:0 0 220px; font-weight:600; line-height:1.3; word-break:normal; overflow-wrap:normal; white-space:normal;\">\n\t\t\t<p>Da\u0148ov\u00e9 \u010d\u00edslo\n\t\t\t<\/p>\n\t\t<\/div>\n\t\t<div style=\"flex:1 1 260px; min-width:260px;\">\n\t\t\t<p><span class=\"wpcf7-form-control-wrap\" data-name=\"Steuernummer\"><input size=\"40\" maxlength=\"400\" class=\"wpcf7-form-control wpcf7-text wpcf7-validates-as-required\" aria-required=\"true\" aria-invalid=\"false\" value=\"\" type=\"text\" name=\"Steuernummer\" \/><\/span>\n\t\t\t<\/p>\n\t\t<\/div>\n\t<\/div>\n\n <!-- Homepage -->\n\t<div style=\"display:flex; flex-wrap:wrap; gap:10px; align-items:flex-start; border:1px solid #ddd; padding:10px;\">\n\t\t<div style=\"flex:0 0 220px; font-weight:600; line-height:1.3; word-break:normal; overflow referencing word-break:normal; overflow-wrap:normal; white-space:normal;\">\n\t\t\t<p>Domovsk\u00e1 str\u00e1nka www.\n\t\t\t<\/p>\n\t\t<\/div>\n\t\t<div style=\"flex:1 1 260px; min-width:260px;\">\n\t\t\t<p><span class=\"wpcf7-form-control-wrap\" data-name=\"Homepage\"><input size=\"40\" maxlength=\"400\" class=\"wpcf7-form-control wpcf7-text wpcf7-validates-as-required\" aria-required=\"true\" aria-invalid=\"false\" value=\"\" type=\"text\" name=\"Homepage\" \/><\/span>\n\t\t\t<\/p>\n\t\t<\/div>\n\t<\/div>\n\n <!-- Firmierung (Briefkasten) -->\n\t<div style=\"display:flex; flex-wrap:wrap; gap:10px; align-items:flex-start; border:1px solid #ddd; padding:10px;\">\n\t\t<div style=\"flex:0 0 220px; font-weight:600; line-height:1.3; word-break:normal; overflow-wrap:normal; white-space:normal;\">\n\t\t\t<p>N\u00e1zev spole\u010dnosti (po\u0161tovn\u00ed schr\u00e1nka)\n\t\t\t<\/p>\n\t\t<\/div>\n\t\t<div style=\"flex:1 1 260px; min-width:260px;\">\n\t\t\t<p><span class=\"wpcf7-form-control-wrap\" data-name=\"Name-Briefkasten\"><input size=\"40\" maxlength=\"400\" class=\"wpcf7-form-control wpcf7-text wpcf7-validates-as-required\" aria-required=\"true\" aria-invalid=\"false\" value=\"\" type=\"text\" name=\"Name-Briefkasten\" \/><\/span>\n\t\t\t<\/p>\n\t\t<\/div>\n\t<\/div>\n\n <!-- Ansprechpartner -->\n\t<div style=\"display:flex; flex-wrap:wrap; gap:10px; align-items:flex-start; border:1px solid #ddd; padding:10px;\">\n\t\t<div style=\"flex:0 0 220px; font-weight:600; line-height:1.3; word-break:normal; overflow-wrap:normal; white-space:normal;\">\n\t\t\t<p>Jm\u00e9no P\u0159\u00edjmen\u00ed kontaktn\u00ed osoby\n\t\t\t<\/p>\n\t\t<\/div>\n\t\t<div style=\"flex:1 1 260px; min-width:260px;\">\n\t\t\t<p><span class=\"wpcf7-form-control-wrap\" data-name=\"Name-Ansprechpartner\"><input size=\"40\" maxlength=\"400\" class=\"wpcf7-form-control wpcf7-text wpcf7-validates-as-required\" aria-required=\"true\" aria-invalid=\"false\" value=\"\" type=\"text\" name=\"Name-Ansprechpartner\" \/><\/span>\n\t\t\t<\/p>\n\t\t<\/div>\n\t<\/div>\n\n <!-- Email -->\n\t<div style=\"display:flex; flex-wrap:wrap; gap:10px; align-items:flex-start; border:1px solid #ddd; padding:10px;\">\n\t\t<div style=\"flex:0 0 220px; font-weight:600; line-height:1.3; word-break:normal; overflow-wrap:normal; white-space:normal;\">\n\t\t\t<p>e-mail\n\t\t\t<\/p>\n\t\t<\/div>\n\t\t<div style=\"flex:1 1 260px; min-width:260px;\">\n\t\t\t<p><span class=\"wpcf7-form-control-wrap\" data-name=\"Email\"><input size=\"40\" maxlength=\"400\" class=\"wpcf7-form-control wpcf7-email wpcf7-validates-as-required wpcf7-text wpcf7-validates-as-email\" aria-required=\"true\" aria-invalid=\"false\" value=\"\" type=\"email\" name=\"Email\" \/><\/span>\n\t\t\t<\/p>\n\t\t<\/div>\n\t<\/div>\n\n <!-- Telefon -->\n\t<div style=\"display:flex; flex-wrap:wrap; gap:10px; align-items:flex-start; border:1px solid #ddd; padding:10px;\">\n\t\t<div style=\"flex:0 0 220px; font-weight:600; line-height:1.3; word-break:normal; overflow-wrap:normal; white-space:normal;\">\n\t\t\t<p>Telefon\n\t\t\t<\/p>\n\t\t\t<p><span style=\"font-weight:400;\">(zadejte pros\u00edm sv\u00e9 mobiln\u00ed \u010d\u00edslo pro kontakt p\u0159es Whatsapp)<\/span>\n\t\t\t<\/p>\n\t\t<\/div>\n\t\t<div style=\"flex:1 1 260px; min-width:260px;\">\n\t\t\t<p><span class=\"wpcf7-form-control-wrap\" data-name=\"Telefon\"><input size=\"40\" maxlength=\"400\" class=\"wpcf7-form-control wpcf7-tel wpcf7-validates-as-required wpcf7-text wpcf7-validates-as-tel\" aria-required=\"true\" aria-invalid=\"false\" value=\"\" type=\"tel\" name=\"Telefon\" \/><\/span>\n\t\t\t<\/p>\n\t\t<\/div>\n\t<\/div>\n\n <!-- Email f\u00fcr Weiterleitung -->\n\t<div style=\"display:flex; flex-wrap:wrap; gap:10px; align-items:flex-start; border:1px solid #ddd; padding:10px;\">\n\t\t<div style=\"flex:0 0 220px; font-weight:600; line-height:1.3; word-break:normal; overflow-wrap:normal; white-space:normal;\">\n\t\t\t<p>E-mail pro p\u0159ed\u00e1n\u00ed telefonick\u00e9 zpr\u00e1vy\n\t\t\t<\/p>\n\t\t<\/div>\n\t\t<div style=\"flex:1 1 260px; min-width:260px;\">\n\t\t\t<p><span class=\"wpcf7-form-control-wrap\" data-name=\"Email-Telefonnachricht\"><input size=\"40\" maxlength=\"400\" class=\"wpcf7-form-control wpcf7-text wpcf7-validates-as-required\" aria-required=\"true\" aria-invalid=\"false\" value=\"\" type=\"text\" name=\"Email-Telefonnachricht\" \/><\/span>\n\t\t\t<\/p>\n\t\t<\/div>\n\t<\/div>\n\n <!-- Nachricht -->\n\t<div style=\"display:flex; flex-wrap:wrap; gap:10px; align-items:flex-start; border:1px solid #ddd; padding:10px;\">\n\t\t<div style=\"flex:0 0 220px; font-weight:600; line-height:1.3; word-break:normal; overflow-wrap:normal; white-space:normal;\">\n\t\t\t<p>Va\u0161e zpr\u00e1va\n\t\t\t<\/p>\n\t\t<\/div>\n\t\t<div style=\"flex:1 1 260px; min-width:260px;\">\n\t\t\t<p><span class=\"wpcf7-form-control-wrap\" data-name=\"Nachricht\"><textarea cols=\"40\" rows=\"10\" maxlength=\"2000\" class=\"wpcf7-form-control wpcf7-textarea wpcf7-validates-as-required\" aria-required=\"true\" aria-invalid=\"false\" name=\"Nachricht\"><\/textarea><\/span>\n\t\t\t<\/p>\n\t\t<\/div>\n\t<\/div>\n\n <!-- Submit -->\n\t<div style=\"display:flex; flex-wrap:wrap; gap:10px; align-items:flex-start; border:1px solid #ddd; padding:10px;\">\n\t\t<div style=\"flex:0 0 220px;\">\n\t\t<\/div>\n\t\t<div style=\"flex:1 1 260px; min-width:260px;\">\n\t\t\t<p><input class=\"wpcf7-form-control wpcf7-submit has-spinner\" type=\"submit\" value=\"Odeslat\" \/>\n\t\t\t<\/p>\n\t\t<\/div>\n\t<\/div>\n\t<div style=\"font-size:12px; line-height:1.4; color:#666;\">\n\t\t<p>Tento formul\u00e1\u0159 pou\u017e\u00edv\u00e1 Akismet k omezen\u00ed spamu.<br \/>\n<a target=\"_blank\" rel=\"nofollow noopener\" href=\"https:\/\/akismet.com\/privacy\/\">Zjist\u011bte, jak jsou va\u0161e \u00fadaje zpracov\u00e1v\u00e1ny.<\/a>\n\t\t<\/p>\n\t<\/div>\n<\/div><p style=\"display: none !important;\" class=\"akismet-fields-container\" data-prefix=\"_wpcf7_ak_\"><label>\u0394<textarea name=\"_wpcf7_ak_hp_textarea\" cols=\"45\" rows=\"8\" maxlength=\"100\"><\/textarea><\/label><input type=\"hidden\" id=\"ak_js_1\" name=\"_wpcf7_ak_js\" value=\"219\"\/><script>document.getElementById( \"ak_js_1\" ).setAttribute( \"value\", ( new Date() ).getTime() );<\/script><\/p><div class=\"wpcf7-response-output\" aria-hidden=\"true\"><\/div>\n<input type=\"hidden\" name=\"trp-form-language\" value=\"cs\"\/><\/form>\n<\/div>\n<\/div>\n\n\n\n<p class=\"has-text-align-center has-contrast-color has-text-color has-link-color has-x-large-font-size wp-elements-cb3d1514982aa68dc83f2ed8f33271c5\"><\/p>\n\n\n\n<div style=\"height:var(--wp--preset--spacing--10)\" aria-hidden=\"true\" class=\"wp-block-spacer\"><\/div>\n<\/div>\n<\/div>","protected":false},"excerpt":{"rendered":"","protected":false},"author":1,"featured_media":0,"parent":0,"menu_order":0,"comment_status":"closed","ping_status":"closed","template":"","meta":{"footnotes":""},"class_list":["post-13","page","type-page","status-publish","hentry"],"_links":{"self":[{"href":"https:\/\/virtualoffice-germany.de\/cs\/wp-json\/wp\/v2\/pages\/13","targetHints":{"allow":["GET"]}}],"collection":[{"href":"https:\/\/virtualoffice-germany.de\/cs\/wp-json\/wp\/v2\/pages"}],"about":[{"href":"https:\/\/virtualoffice-germany.de\/cs\/wp-json\/wp\/v2\/types\/page"}],"author":[{"embeddable":true,"href":"https:\/\/virtualoffice-germany.de\/cs\/wp-json\/wp\/v2\/users\/1"}],"replies":[{"embeddable":true,"href":"https:\/\/virtualoffice-germany.de\/cs\/wp-json\/wp\/v2\/comments?post=13"}],"version-history":[{"count":5,"href":"https:\/\/virtualoffice-germany.de\/cs\/wp-json\/wp\/v2\/pages\/13\/revisions"}],"predecessor-version":[{"id":1361,"href":"https:\/\/virtualoffice-germany.de\/cs\/wp-json\/wp\/v2\/pages\/13\/revisions\/1361"}],"wp:attachment":[{"href":"https:\/\/virtualoffice-germany.de\/cs\/wp-json\/wp\/v2\/media?parent=13"}],"curies":[{"name":"wp","href":"https:\/\/api.w.org\/{rel}","templated":true}]}}