{"id":105,"date":"2024-01-03T22:27:32","date_gmt":"2024-01-03T21:27:32","guid":{"rendered":"https:\/\/virtualoffice-germany.de\/?page_id=105"},"modified":"2026-02-03T16:27:58","modified_gmt":"2026-02-03T15:27:58","slug":"leistungen","status":"publish","type":"page","link":"https:\/\/virtualoffice-germany.de\/cs\/leistungen\/","title":{"rendered":"Slu\u017eby"},"content":{"rendered":"\n<div class=\"wp-block-group alignwide has-global-padding is-layout-constrained wp-block-group-is-layout-constrained\" style=\"border-style:none;border-width:0px\">\n<div class=\"wp-block-group alignwide is-nowrap is-layout-flex wp-container-core-group-is-layout-6c531013 wp-block-group-is-layout-flex\">\n<h3 class=\"wp-block-heading alignwide has-x-large-font-size\">Virtuelles B\u00fcro in Deutschland<\/h3>\n<\/div>\n\n\n\n<div class=\"wp-block-group alignwide is-nowrap is-layout-flex wp-container-core-group-is-layout-6c531013 wp-block-group-is-layout-flex\">\n<p class=\"has-text-align-left has-medium-font-size\">Unsere umfassenden Dienstleistungen in D\u00fcsseldorf f\u00fcr Ihre Gesch\u00e4ftsanforderungen: Flexibilit\u00e4t, Professionalit\u00e4t und Effizienz an einem Ort.<style>\/*! elementor - v3.18.0 - 20-12-2023 *\/&lt;br \/> .elementor-widget-image{text-align:center}.elementor-widget-image a{display:inline-block}.elementor-widget-image a img[src$=\".svg\"]{width:48px}.elementor-widget-image img{vertical-align:middle;display:inline-block}<\/style><\/p>\n<\/div>\n\n\n\n<div class=\"wp-block-group alignwide is-nowrap is-layout-flex wp-container-core-group-is-layout-6c531013 wp-block-group-is-layout-flex\">\n<div class=\"wp-block-group has-global-padding is-content-justification-left is-layout-constrained wp-container-core-group-is-layout-12dd3699 wp-block-group-is-layout-constrained\">\n<figure class=\"wp-block-image aligncenter is-style-default\"><img decoding=\"async\" src=\"https:\/\/virtualoffice-germany.de\/wp-content\/uploads\/2024\/01\/virtualaffice-header-1024x585.png\" alt=\"\"\/><\/figure>\n\n\n\n<p class=\"has-text-align-left has-medium-font-size\">Unser virtuelles B\u00fcro in D\u00fcsseldorf bietet Ihnen eine professionelle Gesch\u00e4ftsadresse f\u00fcr die Firmenregistrierung und Postverkehr. Wir k\u00fcmmern uns um die Post- und Paketverwaltung, stellen Telefon- und Faxdienste bereit, bieten eine virtuelle Telefonzentrale sowie umfassende Verwaltung von Anrufen. Dar\u00fcber hinaus bieten wir B\u00fcrodienstleistungen wie Drucken, Kopieren, Scannen und Faxen von Dokumenten, Voicemail- und E-Mail-Verwaltung sowie Unterst\u00fctzung bei der Gesch\u00e4ftseintragung und flexible Vertragslaufzeiten. Ihre Anrufe und Post werden professionell weitergeleitet, und wir unterst\u00fctzen Sie bei der Einhaltung der gesetzlichen Anforderungen.<\/p>\n<\/div>\n\n\n\n<div class=\"wp-block-group is-style-section-3 has-global-padding is-layout-constrained wp-container-core-group-is-layout-29a8626f wp-block-group-is-layout-constrained is-style-section-3--1\" style=\"border-style:none;border-width:0px;min-height:1px;padding-top:0;padding-right:var(--wp--preset--spacing--20);padding-bottom:0;padding-left:var(--wp--preset--spacing--20)\">\n<h4 class=\"wp-block-heading\"><strong>Gesch\u00e4ftsadresse<\/strong><\/h4>\n\n\n\n<p class=\"has-medium-font-size\">Repr\u00e4sentative Firmenadresse f\u00fcr Registrierung und Postverkehr<\/p>\n\n\n\n<h4 class=\"wp-block-heading\"><strong>Post- und Paketverwaltung<\/strong><\/h4>\n\n\n\n<p class=\"has-medium-font-size\">Effizientes Postmanagement inklusive Weiterleitung an Standorte\/Mitarbeiter<\/p>\n\n\n\n<h4 class=\"wp-block-heading\"><strong>Virtuelle Fax-, Telefonzentrale<\/strong><\/h4>\n\n\n\n<p class=\"has-medium-font-size\">Automatisierte Anrufweiterleitung und professionelle Anrufannahme<\/p>\n\n\n\n<h4 class=\"wp-block-heading\"><strong>B\u00fcrodienstleistungen<\/strong><\/h4>\n\n\n\n<p class=\"has-medium-font-size\">Umfassender Dokumentenservice: Drucken, Kopieren, Scannen, Faxen<\/p>\n\n\n\n<h4 class=\"wp-block-heading\"><strong>Voicemail- und E-Mail-Verwaltung<\/strong><\/h4>\n\n\n\n<p class=\"has-medium-font-size\">Effektives Kommunikationsmanagement: Voicemails und E-Mails t\u00e4glich bearbeitet und weitergeleitet<\/p>\n\n\n\n<h4 class=\"wp-block-heading\"><strong>Unterst\u00fctzung bei der Gesch\u00e4ftseintragung<\/strong><\/h4>\n\n\n\n<p class=\"has-medium-font-size\">Professionelle Hilfe bei Firmenregistrierung und rechtlicher Dokumentenverwaltung<\/p>\n\n\n\n<div style=\"height:70px\" aria-hidden=\"true\" class=\"wp-block-spacer\"><\/div>\n<\/div>\n<\/div>\n<\/div>\n\n\n\n<div class=\"wp-block-group alignwide has-global-padding is-layout-constrained wp-block-group-is-layout-constrained\">\n<div class=\"wp-block-group alignwide is-nowrap is-layout-flex wp-container-core-group-is-layout-6c531013 wp-block-group-is-layout-flex\">\n<h2 class=\"wp-block-heading\">Wo ist Ihr neues, deutsches B\u00fcro in D\u00fcsseldorf<\/h2>\n<\/div>\n\n\n\n<div class=\"wp-block-group alignwide is-style-section-3 is-nowrap is-layout-flex wp-container-core-group-is-layout-6c531013 wp-block-group-is-layout-flex is-style-section-3--2\">\n<div class=\"wp-block-group alignwide has-global-padding is-layout-constrained wp-block-group-is-layout-constrained\">\n<iframe src=\"https:\/\/www.google.com\/maps\/embed?pb=!1m18!1m12!1m3!1d2498.7654833877455!2d6.7894069!3d51.2233957!2m3!1f0!2f0!3f0!3m2!1i1024!2i768!4f13.1!3m3!1m2!1s0x47b8cbc1b796625f%3A0x9b723044f302a6e4!2sVirtualloffice%20Germany!5e0!3m2!1sde!2scz!4v1770132448388!5m2!1sde!2scz\" width=\"600\" height=\"450\" style=\"border:0;\" allowfullscreen=\"\" loading=\"lazy\" referrerpolicy=\"no-referrer-when-downgrade\"><\/iframe>\n<\/div>\n\n\n\n<div class=\"wp-block-group alignwide has-global-padding is-layout-constrained wp-block-group-is-layout-constrained\">\n<div class=\"wp-block-contact-form-7-contact-form-selector\">\n<div class=\"wpcf7 no-js\" id=\"wpcf7-f11-o1\" lang=\"de-DE\" dir=\"ltr\" data-wpcf7-id=\"11\">\n<div class=\"screen-reader-response\"><p role=\"status\" aria-live=\"polite\" aria-atomic=\"true\"><\/p> <ul><\/ul><\/div>\n<form action=\"\/cs\/wp-json\/wp\/v2\/pages\/105#wpcf7-f11-o1\" method=\"post\" class=\"wpcf7-form init\" aria-label=\"Kontaktformular\" novalidate=\"novalidate\" data-status=\"init\">\n<fieldset class=\"hidden-fields-container\"><input type=\"hidden\" name=\"_wpcf7\" value=\"11\" \/><input type=\"hidden\" name=\"_wpcf7_version\" value=\"6.1.5\" \/><input type=\"hidden\" name=\"_wpcf7_locale\" value=\"de_DE\" \/><input type=\"hidden\" name=\"_wpcf7_unit_tag\" value=\"wpcf7-f11-o1\" \/><input type=\"hidden\" name=\"_wpcf7_container_post\" value=\"0\" \/><input type=\"hidden\" name=\"_wpcf7_posted_data_hash\" value=\"\" \/>\n<\/fieldset>\n<div style=\"display:flex; flex-direction:column; gap:12px;\">\n\n <!-- Ansprechpartner -->\n\t<div style=\"display:flex; flex-wrap:wrap; gap:10px; align-items:flex-start;\">\n\t\t<div style=\"flex:0 0 220px; font-weight:600; line-height:1.3; word-break:normal; overflow-wrap:normal; white-space:normal;\">\n\t\t\t<p>Ansprechpartner\n\t\t\t<\/p>\n\t\t<\/div>\n\t\t<div style=\"flex:1 1 260px; min-width:260px;\">\n\t\t\t<p><span class=\"wpcf7-form-control-wrap\" data-name=\"Name\"><input size=\"40\" maxlength=\"400\" class=\"wpcf7-form-control wpcf7-text wpcf7-validates-as-required\" autocomplete=\"name\" aria-required=\"true\" aria-invalid=\"false\" placeholder=\"Vor- und Nachname\" value=\"\" type=\"text\" name=\"Name\" \/><\/span>\n\t\t\t<\/p>\n\t\t<\/div>\n\t<\/div>\n\n <!-- Email -->\n\t<div style=\"display:flex; flex-wrap:wrap; gap:10px; align-items:flex-start;\">\n\t\t<div style=\"flex:0 0 220px; font-weight:600; line-height:1.3; word-break:normal; overflow-wrap:normal; white-space:normal;\">\n\t\t\t<p>E-Mail\n\t\t\t<\/p>\n\t\t<\/div>\n\t\t<div style=\"flex:1 1 260px; min-width:260px;\">\n\t\t\t<p><span class=\"wpcf7-form-control-wrap\" data-name=\"Email\"><input size=\"40\" maxlength=\"400\" class=\"wpcf7-form-control wpcf7-email wpcf7-validates-as-required wpcf7-text wpcf7-validates-as-email\" autocomplete=\"email\" aria-required=\"true\" aria-invalid=\"false\" placeholder=\"Ihre E-Mail-Adresse\" value=\"\" type=\"email\" name=\"Email\" \/><\/span>\n\t\t\t<\/p>\n\t\t<\/div>\n\t<\/div>\n\n <!-- Firma -->\n\t<div style=\"display:flex; flex-wrap:wrap; gap:10px; align-items:flex-start;\">\n\t\t<div style=\"flex:0 0 220px; font-weight:600; line-height:1.3; word-break:normal; overflow-wrap:normal; white-space:normal;\">\n\t\t\t<p>Firma\n\t\t\t<\/p>\n\t\t<\/div>\n\t\t<div style=\"flex:1 1 260px; min-width:260px;\">\n\t\t\t<p><span class=\"wpcf7-form-control-wrap\" data-name=\"Firma\"><input size=\"40\" maxlength=\"400\" class=\"wpcf7-form-control wpcf7-text\" aria-invalid=\"false\" placeholder=\"Firma\" value=\"\" type=\"text\" name=\"Firma\" \/><\/span>\n\t\t\t<\/p>\n\t\t<\/div>\n\t<\/div>\n<!-- Hinweis -->\n\t<div>\n\t\t<p>Bei Anfragen zu einem Virtuellen B\u00fcros nutzen Sie ausschlie\u00dflich das daf\u00fcr vorgesehene <strong><a href=\"\/kontakt\/\">Kontaktformular<\/a><\/strong>. Dieses Kontaktformular ist lediglich f\u00fcr Standard-Anfragen.\n\t\t<\/p>\n\t<\/div>\n\n <!-- Betreff -->\n\t<div style=\"display:flex; flex-wrap:wrap; gap:10px; align-items:flex-start;\">\n\t\t<div style=\"flex:0 0 220px; font-weight:600; line-height:1.3; word-break:normal; overflow-wrap:normal; white-space:normal;\">\n\t\t\t<p>Betreff\n\t\t\t<\/p>\n\t\t<\/div>\n\t\t<div style=\"flex:1 1 260px; min-width:260px;\">\n\t\t\t<p><span class=\"wpcf7-form-control-wrap\" data-name=\"Betreff\"><select class=\"wpcf7-form-control wpcf7-select\" aria-invalid=\"false\" name=\"Betreff\"><option value=\"\">&#8211; Bitte ausw\u00e4hlen &#8211;<\/option><option value=\"virtuelles B\u00fcro\">virtuelles B\u00fcro<\/option><option value=\"Kundenanfrage (Vertrag, Rechnung, etc.)\">Kundenanfrage (Vertrag, Rechnung, etc.)<\/option><\/select><\/span>\n\t\t\t<\/p>\n\t\t<\/div>\n\t<\/div>\n\n <!-- Nachricht -->\n\t<div style=\"display:flex; flex-wrap:wrap; gap:10px; align-items:flex-start;\">\n\t\t<div style=\"flex:0 0 220px; font-weight:600; line-height:1.3; word-break:normal; overflow-wrap:normal; white-space:normal;\">\n\t\t\t<p>Ihre Nachricht\n\t\t\t<\/p>\n\t\t<\/div>\n\t\t<div style=\"flex:1 1 260px; min-width:260px;\">\n\t\t\t<p><span class=\"wpcf7-form-control-wrap\" data-name=\"Nachricht\"><textarea cols=\"40\" rows=\"10\" maxlength=\"2000\" class=\"wpcf7-form-control wpcf7-textarea\" aria-invalid=\"false\" placeholder=\"Bitte teilen Sie uns mit was Sie ben\u00f6tigen? (bitte geben Sie Ihre Mobilnummer an, f\u00fcr Kontaktaufnahme per Whatsapp)\" name=\"Nachricht\"><\/textarea><\/span>\n\t\t\t<\/p>\n\t\t<\/div>\n\t<\/div>\n\n <!-- Submit: Label-Spalte leer, Button rechts -->\n\t<div style=\"display:flex; flex-wrap:wrap; gap:10px; align-items:flex-start;\">\n\t\t<div style=\"flex:0 0 220px;\">\n\t\t<\/div>\n\t\t<div style=\"flex:1 1 260px; min-width:260px;\">\n\t\t\t<p><input class=\"wpcf7-form-control wpcf7-submit has-spinner\" type=\"submit\" value=\"Senden\" \/>\n\t\t\t<\/p>\n\t\t<\/div>\n\t<\/div>\n<\/div><p style=\"display: none !important;\" class=\"akismet-fields-container\" data-prefix=\"_wpcf7_ak_\"><label>&#916;<textarea name=\"_wpcf7_ak_hp_textarea\" cols=\"45\" rows=\"8\" maxlength=\"100\"><\/textarea><\/label><input type=\"hidden\" id=\"ak_js_1\" name=\"_wpcf7_ak_js\" value=\"117\"\/><script>\ndocument.getElementById( \"ak_js_1\" ).setAttribute( \"value\", ( new Date() ).getTime() );\n<\/script>\n<\/p><div class=\"wpcf7-response-output\" aria-hidden=\"true\"><\/div>\n<\/form>\n<\/div>\n<\/div>\n<\/div>\n<\/div>\n<\/div>\n","protected":false},"excerpt":{"rendered":"<p>Virtuelles B\u00fcro in Deutschland Unsere umfassenden Dienstleistungen in D\u00fcsseldorf f\u00fcr Ihre Gesch\u00e4ftsanforderungen: Flexibilit\u00e4t, Professionalit\u00e4t und Effizienz an einem Ort. Unser virtuelles B\u00fcro in D\u00fcsseldorf bietet Ihnen eine professionelle Gesch\u00e4ftsadresse f\u00fcr die Firmenregistrierung und Postverkehr. Wir k\u00fcmmern uns um die Post- und Paketverwaltung, stellen Telefon- und Faxdienste bereit, bieten eine virtuelle Telefonzentrale sowie umfassende Verwaltung von [&hellip;]<\/p>\n","protected":false},"author":1,"featured_media":0,"parent":0,"menu_order":0,"comment_status":"closed","ping_status":"closed","template":"page-no-title","meta":{"footnotes":""},"class_list":["post-105","page","type-page","status-publish","hentry"],"_links":{"self":[{"href":"https:\/\/virtualoffice-germany.de\/cs\/wp-json\/wp\/v2\/pages\/105","targetHints":{"allow":["GET"]}}],"collection":[{"href":"https:\/\/virtualoffice-germany.de\/cs\/wp-json\/wp\/v2\/pages"}],"about":[{"href":"https:\/\/virtualoffice-germany.de\/cs\/wp-json\/wp\/v2\/types\/page"}],"author":[{"embeddable":true,"href":"https:\/\/virtualoffice-germany.de\/cs\/wp-json\/wp\/v2\/users\/1"}],"replies":[{"embeddable":true,"href":"https:\/\/virtualoffice-germany.de\/cs\/wp-json\/wp\/v2\/comments?post=105"}],"version-history":[{"count":11,"href":"https:\/\/virtualoffice-germany.de\/cs\/wp-json\/wp\/v2\/pages\/105\/revisions"}],"predecessor-version":[{"id":1370,"href":"https:\/\/virtualoffice-germany.de\/cs\/wp-json\/wp\/v2\/pages\/105\/revisions\/1370"}],"wp:attachment":[{"href":"https:\/\/virtualoffice-germany.de\/cs\/wp-json\/wp\/v2\/media?parent=105"}],"curies":[{"name":"wp","href":"https:\/\/api.w.org\/{rel}","templated":true}]}}